{"id":8571,"date":"2022-08-10T07:49:01","date_gmt":"2022-08-10T07:49:01","guid":{"rendered":"https:\/\/esposistemi.it\/?page_id=8571"},"modified":"2023-03-24T09:06:29","modified_gmt":"2023-03-24T09:06:29","slug":"taglio-laser","status":"publish","type":"page","link":"https:\/\/esposistemi.it\/en\/taglio-laser\/","title":{"rendered":"Taglio laser"},"content":{"rendered":"<div data-elementor-type=\"wp-page\" data-elementor-id=\"8571\" class=\"elementor elementor-8571\" data-elementor-post-type=\"page\">\n\t\t\t\t\t\t<section class=\"has_ae_slider wd-negative-gap elementor-section elementor-top-section elementor-element elementor-element-4b3cd7a elementor-section-boxed elementor-section-height-default elementor-section-height-default ae-bg-gallery-type-default\" data-id=\"4b3cd7a\" data-element_type=\"section\" data-e-type=\"section\">\n\t\t\t\t\t\t<div class=\"elementor-container elementor-column-gap-default\">\n\t\t\t\t\t<div class=\"has_ae_slider elementor-column elementor-col-100 elementor-top-column elementor-element elementor-element-c808fad ae-bg-gallery-type-default\" data-id=\"c808fad\" data-element_type=\"column\" data-e-type=\"column\">\n\t\t\t<div class=\"elementor-widget-wrap elementor-element-populated\">\n\t\t\t\t\t\t<div class=\"elementor-element elementor-element-f1936be elementor-widget elementor-widget-video\" data-id=\"f1936be\" data-element_type=\"widget\" data-e-type=\"widget\" data-settings=\"{&quot;youtube_url&quot;:&quot;https:\\\/\\\/www.youtube.com\\\/watch?v=RmedNwUDCXQ&quot;,&quot;show_image_overlay&quot;:&quot;yes&quot;,&quot;image_overlay&quot;:{&quot;url&quot;:&quot;https:\\\/\\\/esposistemi.it\\\/wp-content\\\/uploads\\\/2022\\\/08\\\/taglio-laser-logo.jpg&quot;,&quot;id&quot;:8546,&quot;size&quot;:&quot;&quot;,&quot;alt&quot;:&quot;&quot;,&quot;source&quot;:&quot;library&quot;},&quot;video_type&quot;:&quot;youtube&quot;,&quot;controls&quot;:&quot;yes&quot;}\" data-widget_type=\"video.default\">\n\t\t\t\t<div class=\"elementor-widget-container\">\n\t\t\t\t\t\t\t<div class=\"elementor-wrapper elementor-open-inline\">\n\t\t\t<div class=\"elementor-video\"><\/div>\t\t\t\t<div class=\"elementor-custom-embed-image-overlay\" style=\"background-image: url(https:\/\/esposistemi.it\/wp-content\/uploads\/2022\/08\/taglio-laser-logo.jpg);\">\n\t\t\t\t\t\t\t\t\t\t\t\t\t\t\t\t<div class=\"elementor-custom-embed-play\" role=\"button\" aria-label=\"Play Video\" tabindex=\"0\" data-no-translation-aria-label=\"\">\n\t\t\t\t\t\t\t<i aria-hidden=\"true\" class=\"eicon-play\"><\/i>\t\t\t\t\t\t<\/div>\n\t\t\t\t\t\t\t\t\t<\/div>\n\t\t\t\t\t<\/div>\n\t\t\t\t\t\t<\/div>\n\t\t\t\t<\/div>\n\t\t\t\t\t<\/div>\n\t\t<\/div>\n\t\t\t\t\t<\/div>\n\t\t<\/section>\n\t\t\t\t<section class=\"has_ae_slider wd-negative-gap elementor-section elementor-top-section elementor-element elementor-element-bf88f15 elementor-section-boxed elementor-section-height-default elementor-section-height-default ae-bg-gallery-type-default\" data-id=\"bf88f15\" data-element_type=\"section\" data-e-type=\"section\">\n\t\t\t\t\t\t<div class=\"elementor-container elementor-column-gap-default\">\n\t\t\t\t\t<div class=\"has_ae_slider elementor-column elementor-col-100 elementor-top-column elementor-element elementor-element-cd62260 ae-bg-gallery-type-default\" data-id=\"cd62260\" data-element_type=\"column\" data-e-type=\"column\">\n\t\t\t<div class=\"elementor-widget-wrap elementor-element-populated\">\n\t\t\t\t\t\t<div class=\"elementor-element elementor-element-ce0bf2a color-scheme-inherit text-left elementor-widget elementor-widget-text-editor\" data-id=\"ce0bf2a\" data-element_type=\"widget\" data-e-type=\"widget\" data-widget_type=\"text-editor.default\">\n\t\t\t\t<div class=\"elementor-widget-container\">\n\t\t\t\t\t\t\t\t\t<p><strong>Ad Esposistemi by Legnosistemi siamo anche specializzati nel taglio laser&nbsp;di materiali come legno e plexiglass.<\/strong><\/p>\n<p>Effettuiamo inoltre&nbsp;<strong>lavorazioni laser&nbsp; in conto terzi<\/strong>&nbsp;di vari materiali come&nbsp;legno, plex, pvc ed altro:<\/p>\n<ul>\n<li>Taglio Laser conto terzi<\/li>\n<li>Lavorazione laser su legno<\/li>\n<li>Lavorazione laser plexiglass<\/li>\n<li>Lavorazione laser cartone<\/li>\n<li>Incisione laser su legno<\/li>\n<li>Incisione laser su plexiglass<\/li>\n<li>Incisione laser su alluminio<\/li>\n<li>Stampa logo laser<\/li>\n<li>Marcatura laser conto terzi<\/li>\n<\/ul>\n<p><strong>Come funziona il taglio laser<\/strong><\/p>\n<p>Il taglio laser si \u00e8 ampiamente diffuso negli ultimi anni. Molti dei processi laser hanno diversi vantaggi ed una variet\u00e0 di applicazioni, pertanto pu\u00f2 essere difficile sapere esattamente quale potrebbe essere adatto alla tua azienda.<\/p>\n<p>Basta inviarci un file&nbsp;<strong><a href=\"https:\/\/en.wikipedia.org\/wiki\/AutoCAD_DXF\" target=\"_blank\" rel=\"noopener\">DXF<\/a>&nbsp;o&nbsp;<a href=\"https:\/\/en.wikipedia.org\/wiki\/.dwg\" target=\"_blank\" rel=\"noopener\">DWG<\/a><\/strong>&nbsp;per la lavorazione.<\/p>\n<p><strong>Su richiesta effettuiamo un controllo qualit\u00e0<\/strong>&nbsp;del file prima del taglio.<\/p>\n<p>In alternativa procediamo noi stessi alla creazione del file, qualora vi sia necessit\u00e0.<\/p>\n<p><strong>Cos&#8217;\u00e8 il taglio laser?<\/strong><\/p>\n<p>Il taglio laser, come suggerisce il nome, \u00e8 il processo di taglio di un materiale utilizzando un raggio laser. Questo pu\u00f2 essere fatto sia per ridimensionare un materiale o per ridurlo a forme complesse con le quali le perforatrici pi\u00f9 convenzionali avrebbero difficolt\u00e0.<\/p>\n<p>Una vasta gamma di materiali e spessori pu\u00f2 essere tagliata utilizzando il taglio laser, rendendolo un processo pratico e adattabile.<\/p>\n<p>Il taglio laser risulta pulito e preciso; dunque pu\u00f2 essere impiegato in contesti dove \u00e8 richiesta la massima accuratezza del taglio, sia in termini di dimensioni che di assenza di sbavature, per garantire il buon funzionamento di macchine industriali e un assemblaggio impeccabile.<\/p>\n<p><br><\/p>\t\t\t\t\t\t\t\t<\/div>\n\t\t\t\t<\/div>\n\t\t\t\t\t<\/div>\n\t\t<\/div>\n\t\t\t\t\t<\/div>\n\t\t<\/section>\n\t\t\t\t<\/div>","protected":false},"excerpt":{"rendered":"<p>https:\/\/www.youtube.com\/watch?v=RmedNwUDCXQ Ad Esposistemi by Legnosistemi siamo anche specializzati nel taglio laser&nbsp;di materiali come legno e plexiglass. Effettuiamo inoltre&nbsp;lavorazioni laser&nbsp; in<\/p>","protected":false},"author":1,"featured_media":0,"parent":0,"menu_order":0,"comment_status":"closed","ping_status":"closed","template":"","meta":{"footnotes":""},"class_list":["post-8571","page","type-page","status-publish","hentry"],"acf":[],"_links":{"self":[{"href":"https:\/\/esposistemi.it\/en\/wp-json\/wp\/v2\/pages\/8571","targetHints":{"allow":["GET"]}}],"collection":[{"href":"https:\/\/esposistemi.it\/en\/wp-json\/wp\/v2\/pages"}],"about":[{"href":"https:\/\/esposistemi.it\/en\/wp-json\/wp\/v2\/types\/page"}],"author":[{"embeddable":true,"href":"https:\/\/esposistemi.it\/en\/wp-json\/wp\/v2\/users\/1"}],"replies":[{"embeddable":true,"href":"https:\/\/esposistemi.it\/en\/wp-json\/wp\/v2\/comments?post=8571"}],"version-history":[{"count":0,"href":"https:\/\/esposistemi.it\/en\/wp-json\/wp\/v2\/pages\/8571\/revisions"}],"wp:attachment":[{"href":"https:\/\/esposistemi.it\/en\/wp-json\/wp\/v2\/media?parent=8571"}],"curies":[{"name":"wp","href":"https:\/\/api.w.org\/{rel}","templated":true}]}}