{"id":9083,"date":"2023-01-23T14:49:45","date_gmt":"2023-01-23T14:49:45","guid":{"rendered":"https:\/\/esposistemi.it\/?page_id=9083"},"modified":"2023-03-22T14:55:51","modified_gmt":"2023-03-22T14:55:51","slug":"produzione","status":"publish","type":"page","link":"https:\/\/esposistemi.it\/en\/produzione\/","title":{"rendered":"Produzione"},"content":{"rendered":"<div data-elementor-type=\"wp-page\" data-elementor-id=\"9083\" class=\"elementor elementor-9083\" data-elementor-post-type=\"page\">\n\t\t\t\t\t\t<section class=\"has_ae_slider wd-negative-gap elementor-section elementor-top-section elementor-element elementor-element-729b8e3 elementor-section-boxed elementor-section-height-default elementor-section-height-default ae-bg-gallery-type-default\" data-id=\"729b8e3\" data-element_type=\"section\" data-e-type=\"section\">\n\t\t\t\t\t\t<div class=\"elementor-container elementor-column-gap-default\">\n\t\t\t\t\t<div class=\"has_ae_slider elementor-column elementor-col-100 elementor-top-column elementor-element elementor-element-7f03d9b ae-bg-gallery-type-default\" data-id=\"7f03d9b\" data-element_type=\"column\" data-e-type=\"column\">\n\t\t\t<div class=\"elementor-widget-wrap elementor-element-populated\">\n\t\t\t\t\t\t<div class=\"elementor-element elementor-element-318249f elementor-widget elementor-widget-wd_text_block\" data-id=\"318249f\" data-element_type=\"widget\" data-e-type=\"widget\" data-widget_type=\"wd_text_block.default\">\n\t\t\t\t<div class=\"elementor-widget-container\">\n\t\t\t\t\t\t\t<div class=\"wd-text-block reset-last-child text-left\">\n\t\t\t\n\t\t\t<h3 style=\"margin-bottom: var(--wd-tags-mb);font-style: normal;font-weight: var(--wd-title-font-weight);font-family: var(--wd-title-font);text-transform: none\"><span style=\"font-weight: 600;font-size: 22px\">Brainstorming\u00a0<\/span><\/h3><p><span style=\"font-family: Montserrat, Arial, Helvetica, sans-serif;font-size: 14px;font-style: normal;font-weight: 400;background-color: var(--wd-main-bgcolor);color: var(--wd-text-color)\">\u00a0La prima fase \u00e8 la richiesta da parte del nostro cliente di un\u2019idea che siamo pronti ad ascoltare e mettere in atto. Accogliamo varie richieste dal nostro sito dove sviluppiamo ogni giorno nuovi espositori, idee varie e innovative, progetti su misura per il tuo prodotto e il tuo Brand aziendale. Ci distinguiamo dal fatto che proponiamo e offriamo ogni giorno espositori 100% made in italy esclusivi e unici per aumentare le tue vendite.<\/span><\/p>\n\t\t\t\t\t<\/div>\n\t\t\t\t\t\t<\/div>\n\t\t\t\t<\/div>\n\t\t\t\t\t<\/div>\n\t\t<\/div>\n\t\t\t\t\t<\/div>\n\t\t<\/section>\n\t\t\t\t<section class=\"has_ae_slider wd-negative-gap elementor-section elementor-top-section elementor-element elementor-element-669fe94 elementor-section-boxed elementor-section-height-default elementor-section-height-default ae-bg-gallery-type-default\" data-id=\"669fe94\" data-element_type=\"section\" data-e-type=\"section\">\n\t\t\t\t\t\t<div class=\"elementor-container elementor-column-gap-default\">\n\t\t\t\t\t<div class=\"has_ae_slider elementor-column elementor-col-100 elementor-top-column elementor-element elementor-element-d637810 ae-bg-gallery-type-default\" data-id=\"d637810\" data-element_type=\"column\" data-e-type=\"column\">\n\t\t\t<div class=\"elementor-widget-wrap elementor-element-populated\">\n\t\t\t\t\t\t<div class=\"elementor-element elementor-element-96f4604 elementor-widget elementor-widget-wd_text_block\" data-id=\"96f4604\" data-element_type=\"widget\" data-e-type=\"widget\" data-widget_type=\"wd_text_block.default\">\n\t\t\t\t<div class=\"elementor-widget-container\">\n\t\t\t\t\t\t\t<div class=\"wd-text-block reset-last-child text-left\">\n\t\t\t\n\t\t\t<h3><strong>Free Render\u00a0<\/strong><\/h3><p>Di conseguenza, passiamo alla realizzazione del progetto in formato digitale \u201cRender\u201d dell\u2019 espositore da ideare. La Legnosistemi srl, tramite il suo ufficio grafico garantisce privacy e ad inviare nel pi\u00f9 breve tempo possibile il vostro espositore su misura. E\u2019 fondamentale il render appunto per capire come si presenta il vostro prodotto all\u2019interno dell\u2019espositore prima di passare alla produzione definitiva. Questo, ci consente di essere pi\u00f9 celeri nella fase produttiva, precisi in fase di taglio ed aggirare qualsiasi inconveniente.<\/p>\n\t\t\t\t\t<\/div>\n\t\t\t\t\t\t<\/div>\n\t\t\t\t<\/div>\n\t\t\t\t\t<\/div>\n\t\t<\/div>\n\t\t\t\t\t<\/div>\n\t\t<\/section>\n\t\t\t\t<section class=\"has_ae_slider wd-negative-gap elementor-section elementor-top-section elementor-element elementor-element-b2da58e elementor-section-boxed elementor-section-height-default elementor-section-height-default ae-bg-gallery-type-default\" data-id=\"b2da58e\" data-element_type=\"section\" data-e-type=\"section\">\n\t\t\t\t\t\t<div class=\"elementor-container elementor-column-gap-default\">\n\t\t\t\t\t<div class=\"has_ae_slider elementor-column elementor-col-100 elementor-top-column elementor-element elementor-element-2ebc00d ae-bg-gallery-type-default\" data-id=\"2ebc00d\" data-element_type=\"column\" data-e-type=\"column\">\n\t\t\t<div class=\"elementor-widget-wrap elementor-element-populated\">\n\t\t\t\t\t\t<div class=\"elementor-element elementor-element-23cfb0a elementor-widget elementor-widget-wd_text_block\" data-id=\"23cfb0a\" data-element_type=\"widget\" data-e-type=\"widget\" data-widget_type=\"wd_text_block.default\">\n\t\t\t\t<div class=\"elementor-widget-container\">\n\t\t\t\t\t\t\t<div class=\"wd-text-block reset-last-child text-left\">\n\t\t\t\n\t\t\t<h3><strong>Eventuale Campionatura\u00a0<\/strong><\/h3><p>Una volta confermato il progetto, passiamo alla fase di realizzazione e controllo qualit\u00e0 che \u00e8 di fondamentale importanza. Consiste, nel verificare ogni parte dell\u2019espositore (incastri e forme).<\/p>\n\t\t\t\t\t<\/div>\n\t\t\t\t\t\t<\/div>\n\t\t\t\t<\/div>\n\t\t\t\t\t<\/div>\n\t\t<\/div>\n\t\t\t\t\t<\/div>\n\t\t<\/section>\n\t\t\t\t<section class=\"has_ae_slider wd-negative-gap elementor-section elementor-top-section elementor-element elementor-element-aa1c7d8 elementor-section-boxed elementor-section-height-default elementor-section-height-default ae-bg-gallery-type-default\" data-id=\"aa1c7d8\" data-element_type=\"section\" data-e-type=\"section\">\n\t\t\t\t\t\t<div class=\"elementor-container elementor-column-gap-default\">\n\t\t\t\t\t<div class=\"has_ae_slider elementor-column elementor-col-100 elementor-top-column elementor-element elementor-element-515f979 ae-bg-gallery-type-default\" data-id=\"515f979\" data-element_type=\"column\" data-e-type=\"column\">\n\t\t\t<div class=\"elementor-widget-wrap elementor-element-populated\">\n\t\t\t\t\t\t<div class=\"elementor-element elementor-element-2951031 elementor-widget elementor-widget-wd_text_block\" data-id=\"2951031\" data-element_type=\"widget\" data-e-type=\"widget\" data-widget_type=\"wd_text_block.default\">\n\t\t\t\t<div class=\"elementor-widget-container\">\n\t\t\t\t\t\t\t<div class=\"wd-text-block reset-last-child text-left\">\n\t\t\t\n\t\t\t<h3><strong>Production and Cutting<\/strong><\/h3><p>Questa \u00e8 una delle fasi pi\u00f9 importanti, il taglio dove viene prodotto l\u2019espositore. La Legnosistemi Srl dispone di ben 2 pantografi a controllo numerico, assicurando cos\u00ec una produzione rapida ed efficiente. Tutti i componenti vengono poi passati sotto una \u201cSpazzolatrice\u201d per rendere il legno ben pulito e liscio al tatto per poi essere rifiniti nuovamente a mano. Ogni lavoro viene ricontrollato ed un campione viene montato verificandone: incastri, test di resistenza, misure ed altro ancora per poi confermare definitivamente il lavoro<\/p>\n\t\t\t\t\t<\/div>\n\t\t\t\t\t\t<\/div>\n\t\t\t\t<\/div>\n\t\t\t\t\t<\/div>\n\t\t<\/div>\n\t\t\t\t\t<\/div>\n\t\t<\/section>\n\t\t\t\t<section class=\"has_ae_slider wd-negative-gap elementor-section elementor-top-section elementor-element elementor-element-4626215 elementor-section-boxed elementor-section-height-default elementor-section-height-default ae-bg-gallery-type-default\" data-id=\"4626215\" data-element_type=\"section\" data-e-type=\"section\">\n\t\t\t\t\t\t<div class=\"elementor-container elementor-column-gap-default\">\n\t\t\t\t\t<div class=\"has_ae_slider elementor-column elementor-col-100 elementor-top-column elementor-element elementor-element-9457aa1 ae-bg-gallery-type-default\" data-id=\"9457aa1\" data-element_type=\"column\" data-e-type=\"column\">\n\t\t\t<div class=\"elementor-widget-wrap elementor-element-populated\">\n\t\t\t\t\t\t<div class=\"elementor-element elementor-element-3cce95b elementor-widget elementor-widget-wd_text_block\" data-id=\"3cce95b\" data-element_type=\"widget\" data-e-type=\"widget\" data-widget_type=\"wd_text_block.default\">\n\t\t\t\t<div class=\"elementor-widget-container\">\n\t\t\t\t\t\t\t<div class=\"wd-text-block reset-last-child text-left\">\n\t\t\t\n\t\t\t<h3><strong>Tinteggiatura e Stampa\u00a0<\/strong><\/h3><p>Il prossimo passaggio se richiesto dal nostro cliente \u00e8 la tinteggiatura ad immersione dell\u2019espositore, con colori atossici e interamente ad acqua nel pieno rispetto ambientale. Per la Legnosistemi la selezione dei fornitori \u00e8 fondamentale cos\u00ec da poter proporre e offrire colori e qualit\u00e0 del legno quanto pi\u00f9 conformi alle vostre richieste.<\/p><p>Inoltre, effettuiamo tre tipologie di stampe dirette su qualsiasi materiale.<\/p><p><u>SERIGRAFIA<\/u>\u00a0\u00a0 <u>QUADRICROMIA<\/u> \u00a0\u00a0<u>LOGO TRAFORATO<\/u> \u00a0<\/p><p>Grazie a queste tipologie di stampe, non dovrai pi\u00f9 preoccuparti di niente, i tuoi loghi rimarranno per sempre sul tuo espositore mantenendo uno standard qualitativo alto.<\/p>\n\t\t\t\t\t<\/div>\n\t\t\t\t\t\t<\/div>\n\t\t\t\t<\/div>\n\t\t\t\t\t<\/div>\n\t\t<\/div>\n\t\t\t\t\t<\/div>\n\t\t<\/section>\n\t\t\t\t<section class=\"has_ae_slider wd-negative-gap elementor-section elementor-top-section elementor-element elementor-element-92cb183 elementor-section-boxed elementor-section-height-default elementor-section-height-default ae-bg-gallery-type-default\" data-id=\"92cb183\" data-element_type=\"section\" data-e-type=\"section\">\n\t\t\t\t\t\t<div class=\"elementor-container elementor-column-gap-default\">\n\t\t\t\t\t<div class=\"has_ae_slider elementor-column elementor-col-100 elementor-top-column elementor-element elementor-element-82a810c ae-bg-gallery-type-default\" data-id=\"82a810c\" data-element_type=\"column\" data-e-type=\"column\">\n\t\t\t<div class=\"elementor-widget-wrap elementor-element-populated\">\n\t\t\t\t\t\t<div class=\"elementor-element elementor-element-f5d0f9a elementor-widget elementor-widget-wd_text_block\" data-id=\"f5d0f9a\" data-element_type=\"widget\" data-e-type=\"widget\" data-widget_type=\"wd_text_block.default\">\n\t\t\t\t<div class=\"elementor-widget-container\">\n\t\t\t\t\t\t\t<div class=\"wd-text-block reset-last-child text-left\">\n\t\t\t\n\t\t\t<h3><strong>Packaging and Shipping<\/strong><\/h3><p>Siamo giunti alla fase finale del progetto. Legnosistemi imballa in modo minuzioso e con metodo certificato e controllato. Tutti gli espositori vengono imballati singolarmente con Airball , scotch e\u00a0 su richiesta inscatolati su bancale, per una spedizione veloce e sicura.<\/p><p>Nell\u2019imballo sono compresivi i vari accessori (ruote, ganci, porta prezzi ect..) e scheda di montaggio all\u2019interno per facilitare e velocizzare il montaggio all\u2019utente.<\/p>\n\t\t\t\t\t<\/div>\n\t\t\t\t\t\t<\/div>\n\t\t\t\t<\/div>\n\t\t\t\t\t<\/div>\n\t\t<\/div>\n\t\t\t\t\t<\/div>\n\t\t<\/section>\n\t\t\t\t<\/div>","protected":false},"excerpt":{"rendered":"<p>Brainstorming\u00a0 \u00a0La prima fase \u00e8 la richiesta da parte del nostro cliente di un\u2019idea che siamo pronti ad ascoltare e<\/p>","protected":false},"author":1,"featured_media":0,"parent":0,"menu_order":0,"comment_status":"closed","ping_status":"closed","template":"","meta":{"footnotes":""},"class_list":["post-9083","page","type-page","status-publish","hentry"],"acf":[],"_links":{"self":[{"href":"https:\/\/esposistemi.it\/en\/wp-json\/wp\/v2\/pages\/9083","targetHints":{"allow":["GET"]}}],"collection":[{"href":"https:\/\/esposistemi.it\/en\/wp-json\/wp\/v2\/pages"}],"about":[{"href":"https:\/\/esposistemi.it\/en\/wp-json\/wp\/v2\/types\/page"}],"author":[{"embeddable":true,"href":"https:\/\/esposistemi.it\/en\/wp-json\/wp\/v2\/users\/1"}],"replies":[{"embeddable":true,"href":"https:\/\/esposistemi.it\/en\/wp-json\/wp\/v2\/comments?post=9083"}],"version-history":[{"count":0,"href":"https:\/\/esposistemi.it\/en\/wp-json\/wp\/v2\/pages\/9083\/revisions"}],"wp:attachment":[{"href":"https:\/\/esposistemi.it\/en\/wp-json\/wp\/v2\/media?parent=9083"}],"curies":[{"name":"wp","href":"https:\/\/api.w.org\/{rel}","templated":true}]}}