{"id":15191,"date":"2023-10-27T14:34:17","date_gmt":"2023-10-27T14:34:17","guid":{"rendered":"https:\/\/esposistemi.it\/?post_type=product&#038;p=15191"},"modified":"2026-03-06T16:40:56","modified_gmt":"2026-03-06T16:40:56","slug":"ls-1260","status":"publish","type":"product","link":"https:\/\/esposistemi.it\/en\/espositori-ad-incastro\/espositori-da-terra-in-legno\/ls-1260\/","title":{"rendered":"Scaffale in legno da terra &#8211; LS 1260"},"content":{"rendered":"","protected":false},"excerpt":{"rendered":"<p><strong>Scaffale in legno da terra<\/strong> dal <strong>design unico<\/strong> che render\u00e0 i tuoi prodotti pi\u00f9 visibili agli occhi dei consumatori.<br \/>\nLa base \u00e8 alta 46 cm da terra, questo \u00e8 un ulteriore punto di forza di questo scaffale perch\u00e8 oltre ad essere ben visibile, \u00e8\u00a0 posizionato ad un&#8217;altezza comoda per l&#8217;acquisto.<br \/>\nPossiamo realizzare il tuo espositore su misura, con colori e stampe ad alta risoluzione andando a richiamare quelle che sono le tue identit\u00e0 aziendali.<\/p>\n<p>Let yourself be inspired by the fusion of nature and design with our wooden display.<br \/>\nElevate your exhibition space to new levels of style and functionality.<\/p>\n<p><strong><a href=\"https:\/\/esposistemi.it\/en\/contatti\/\">REQUEST OFFER<\/a> WE ARE READY TO LISTEN TO YOU<\/strong><\/p>","protected":false},"featured_media":17131,"template":"","meta":[],"product_brand":[],"product_cat":[20,128],"product_tag":[],"class_list":{"0":"post-15191","1":"product","2":"type-product","3":"status-publish","4":"has-post-thumbnail","6":"product_cat-espositori-da-terra-in-legno","7":"product_cat-espositori-ad-incastro","9":"first","10":"instock","11":"taxable","12":"shipping-taxable","13":"product-type-simple"},"acf":[],"_links":{"self":[{"href":"https:\/\/esposistemi.it\/en\/wp-json\/wp\/v2\/product\/15191","targetHints":{"allow":["GET"]}}],"collection":[{"href":"https:\/\/esposistemi.it\/en\/wp-json\/wp\/v2\/product"}],"about":[{"href":"https:\/\/esposistemi.it\/en\/wp-json\/wp\/v2\/types\/product"}],"version-history":[{"count":3,"href":"https:\/\/esposistemi.it\/en\/wp-json\/wp\/v2\/product\/15191\/revisions"}],"predecessor-version":[{"id":17133,"href":"https:\/\/esposistemi.it\/en\/wp-json\/wp\/v2\/product\/15191\/revisions\/17133"}],"wp:featuredmedia":[{"embeddable":true,"href":"https:\/\/esposistemi.it\/en\/wp-json\/wp\/v2\/media\/17131"}],"wp:attachment":[{"href":"https:\/\/esposistemi.it\/en\/wp-json\/wp\/v2\/media?parent=15191"}],"wp:term":[{"taxonomy":"product_brand","embeddable":true,"href":"https:\/\/esposistemi.it\/en\/wp-json\/wp\/v2\/product_brand?post=15191"},{"taxonomy":"product_cat","embeddable":true,"href":"https:\/\/esposistemi.it\/en\/wp-json\/wp\/v2\/product_cat?post=15191"},{"taxonomy":"product_tag","embeddable":true,"href":"https:\/\/esposistemi.it\/en\/wp-json\/wp\/v2\/product_tag?post=15191"}],"curies":[{"name":"wp","href":"https:\/\/api.w.org\/{rel}","templated":true}]}}